{"id":13511,"date":"2022-01-11T15:30:10","date_gmt":"2022-01-11T14:30:10","guid":{"rendered":"https:\/\/webs.um.es\/felixgm\/?page_id=13511"},"modified":"2022-01-11T15:30:10","modified_gmt":"2022-01-11T14:30:10","slug":"pastor","status":"publish","type":"page","link":"https:\/\/webs.um.es\/felixgm\/projects\/pastor\/","title":{"rendered":"PASTOR"},"content":{"rendered":"<p>[vc_row][vc_column]<h1 class=\"fac-big-title fac-title text-center\" style=\"color:#4b4b4b\">PASTOR: Plataforma de An\u00e1lisis de Servicios en TOR<\/h1>\n[\/vc_column][\/vc_row][vc_row][vc_column]<h2 class=\"fac-title text-left\" style=\"color:#4b4b4b\">Descripci\u00f3n and Objetivos<\/h2>\n[vc_column_text]<img style=\"margin-right: 40px; float: left; width:450px;\" src=\"https:\/\/webs.um.es\/felixgm\/wp-content\/uploads\/2021\/10\/logo-pastor.png\" alt=\"\"  \/><\/p>\n<p style=\"line-height: 150%; text-align: justify;\">El proyecto PASTOR, financiado por el Instituto de Competitividad Empresarial de la Junta de Castilla y Le\u00f3n, a trav\u00e9s de los Fondos FEDER de la Uni\u00f3n Europea, pretende desarrollar una plataforma de an\u00e1lisis de recursos indexados en la surface web y deep web orientada a recopilar direcciones .onion donde se presten servicios ocultos. Salvo que el usuario indique lo contrario, el mecanismo de descubrimiento est\u00e1 siempre en ejecuci\u00f3n, registrando tanto los servicios ocultos encontrados como los recursos anunciantes donde se han encontrado. De esta forma, en PASTOR un anunciante es un recurso (p\u00e1gina web, foro, comunidad, red social, documento, etc.) donde aparece, al menos, una direcci\u00f3n .onion.<\/p>\n<p style=\"line-height: 150%; text-align: justify;\">As\u00ed, los principales objetivos del proyecto PASTOR son los siguientes:<\/p>\n<ul>\n<li>La obtenci\u00f3n  de  nuevos  servicios ocultos en  TOR  no  identificados  previamente  y  que no se encuentren en fuentes p\u00fablicas.<\/li>\n<li>La  comprobaci\u00f3n  del  estado  (activo  o  inactivo)  de  los  servicios  ocultos  descubiertos en  el momento de la consulta.<\/li>\n<li>Dise\u00f1o de un prototipo  software que  obtenga  nuevos  servicios  ocultos en  TOR  de  manera continua, es decir, estar\u00e1 basado en t\u00e9cnicas no temporales que aseguren que el software no tendr\u00e1  que  ser  adaptado  a  corto  o  medio  plazo  para  continuar  obteniendo  nuevos  servicios ocultos.<\/li>\n<li>Desarrollo  y  prueba  de  un prototipo software que pueda ser integrado f\u00e1cilmente con soluciones que permitan recoger estos nuevos servicios (.onion) para su monitorizaci\u00f3n continua.<\/li>\n<\/ul>\n<p style=\"line-height: 150%; text-align: justify;\">Este proyecto se desarrolla desde el 15\/12\/2020 hasta el 15\/01\/2023 (13 meses).<\/p>\n<p>[\/vc_column_text][\/vc_column][\/vc_row]<\/p>\n<p>[vc_row][vc_column]<h2 class=\"fac-title text-left\" style=\"color:#4b4b4b\">PASTORes<\/h2>\n[vc_column_text]El esp\u00edritu de equipo de PASTOR resulta parte fundamental del mismo. A continuaci\u00f3n se muestran los miembros del equipo PASTOR (en orden alfab\u00e9tico) que hacen posible que el proyecto salga adelante.[\/vc_column_text]<\/p>\n<h3 class=\"fac-title text-left\" style=\"color:#4b4b4b\">Universidad de Murcia<\/h3>\n\n<p>[vc_row_inner]<\/p>\n<p>[vc_column_inner width=\u00bb1\/4&#8243;]<div class=\"lab-carousels-wrapper lab-1390146949\"><div class=\"labp-heads-wrap \">\n\t\t\t<div class=\"dummy-lab-item \">\n\t\t\t\t<div class=\"lab-item-image\"><img src=https:\/\/webs.um.es\/felixgm\/wp-content\/uploads\/2017\/08\/felixgm-1024x1024.jpg alt=\"F\u00e9lix<br \/>\nG\u00f3mez M\u00e1rmol\" class=\"img-circle lab-img\"><\/div>\n\t\t\t\t<div class=\"lab-item-info\"><h3>F\u00e9lix<br \/>\nG\u00f3mez M\u00e1rmol<\/h3><h4>University of Murcia<\/h4>\n\t\t\t\t<a href=\"http:\/\/webs.um.es\/felixgm\" class=\"btn btn-info\">Web<\/a>\n\t\t\t<\/div><\/div><div class=\"lab-carousel\"><\/div> <div><a href=\"#\" class=\"prev\"><i class=\"fa fa-chevron-circle-left\"><\/i><\/a><a href=\"#\" class=\"next\"><i class=\"fa fa-chevron-circle-right\"><\/i><\/a><\/div><\/div><div class=\"lab-details\"><\/div><\/div>[\/vc_column_inner]<\/p>\n<p>[vc_column_inner width=\u00bb1\/4&#8243;]<div class=\"lab-carousels-wrapper lab-1528191258\"><div class=\"labp-heads-wrap \">\n\t\t\t<div class=\"dummy-lab-item \">\n\t\t\t\t<div class=\"lab-item-image\"><img src=https:\/\/webs.um.es\/felixgm\/wp-content\/uploads\/2017\/03\/GregorioMartinez-September2016-Original.jpg alt=\"Gregorio<br \/>\nMart\u00ednez P\u00e9rez\" class=\"img-circle lab-img\"><\/div>\n\t\t\t\t<div class=\"lab-item-info\"><h3>Gregorio<br \/>\nMart\u00ednez P\u00e9rez<\/h3><h4>University of Murcia<\/h4>\n\t\t\t\t<a href=\"http:\/\/webs.um.es\/gregorio\" class=\"btn btn-info\">Web<\/a>\n\t\t\t<\/div><\/div><div class=\"lab-carousel\"><\/div> <div><a href=\"#\" class=\"prev\"><i class=\"fa fa-chevron-circle-left\"><\/i><\/a><a href=\"#\" class=\"next\"><i class=\"fa fa-chevron-circle-right\"><\/i><\/a><\/div><\/div><div class=\"lab-details\"><\/div><\/div>[\/vc_column_inner]<\/p>\n<p>[vc_column_inner width=\u00bb1\/4&#8243;]<div class=\"lab-carousels-wrapper lab-572429482\"><div class=\"labp-heads-wrap \">\n\t\t\t<div class=\"dummy-lab-item \">\n\t\t\t\t<div class=\"lab-item-image\"><img src=https:\/\/webs.um.es\/felixgm\/wp-content\/uploads\/2017\/08\/pnespoli.jpg alt=\"Pantaleone<br \/>\nNespoli\" class=\"img-circle lab-img\"><\/div>\n\t\t\t\t<div class=\"lab-item-info\"><h3>Pantaleone<br \/>\nNespoli<\/h3><h4>University of Murcia<\/h4>\n\t\t\t\t<a href=\"http:\/\/webs.um.es\/pantaleone.nespoli\" class=\"btn btn-info\">Web<\/a>\n\t\t\t<\/div><\/div><div class=\"lab-carousel\"><\/div> <div><a href=\"#\" class=\"prev\"><i class=\"fa fa-chevron-circle-left\"><\/i><\/a><a href=\"#\" class=\"next\"><i class=\"fa fa-chevron-circle-right\"><\/i><\/a><\/div><\/div><div class=\"lab-details\"><\/div><\/div>[\/vc_column_inner]<\/p>\n<p>[vc_column_inner width=\u00bb1\/4&#8243;]<div class=\"lab-carousels-wrapper lab-384760402\"><div class=\"labp-heads-wrap \">\n\t\t\t<div class=\"dummy-lab-item \">\n\t\t\t\t<div class=\"lab-item-image\"><img src=https:\/\/webs.um.es\/felixgm\/wp-content\/uploads\/2019\/05\/Javier_Pastor-Galindo.jpg alt=\"Javier Pastor Galindo\" class=\"img-circle lab-img\"><\/div>\n\t\t\t\t<div class=\"lab-item-info\"><h3>Javier Pastor Galindo<\/h3><h4>University of Murcia<\/h4>\n\t\t\t\t<a href=\"http:\/\/webs.um.es\/javierpg\" class=\"btn btn-info\">Web<\/a>\n\t\t\t<\/div><\/div><div class=\"lab-carousel\"><\/div> <div><a href=\"#\" class=\"prev\"><i class=\"fa fa-chevron-circle-left\"><\/i><\/a><a href=\"#\" class=\"next\"><i class=\"fa fa-chevron-circle-right\"><\/i><\/a><\/div><\/div><div class=\"lab-details\"><\/div><\/div>[\/vc_column_inner]<\/p>\n<p>[\/vc_row_inner]<\/p>\n<h3 class=\"fac-title text-left\" style=\"color:#4b4b4b\">Indra<\/h3>\n\n<p>[vc_row_inner]<\/p>\n<p>[vc_column_inner width=\u00bb1\/4&#8243;]<div class=\"lab-carousels-wrapper lab-1776933236\"><div class=\"labp-heads-wrap \">\n\t\t\t<div class=\"dummy-lab-item \">\n\t\t\t\t<div class=\"lab-item-image\"><img src=https:\/\/webs.um.es\/felixgm\/wp-content\/uploads\/2020\/10\/jorge_maestre_vidal.jpg alt=\"Jorge Maestre Vidal\" class=\"img-circle lab-img\"><\/div>\n\t\t\t\t<div class=\"lab-item-info\"><h3>Jorge Maestre Vidal<\/h3><h4>Indra<\/h4>\n\t\t\t\t<a href=\"https:\/\/es.linkedin.com\/in\/jorge-maestre-vidal\" class=\"btn btn-info\">Web<\/a>\n\t\t\t<\/div><\/div><div class=\"lab-carousel\"><\/div> <div><a href=\"#\" class=\"prev\"><i class=\"fa fa-chevron-circle-left\"><\/i><\/a><a href=\"#\" class=\"next\"><i class=\"fa fa-chevron-circle-right\"><\/i><\/a><\/div><\/div><div class=\"lab-details\"><\/div><\/div>[\/vc_column_inner]<\/p>\n<p>[vc_column_inner width=\u00bb1\/4&#8243;]<div class=\"lab-carousels-wrapper lab-51788038\"><div class=\"labp-heads-wrap \">\n\t\t\t<div class=\"dummy-lab-item \">\n\t\t\t\t<div class=\"lab-item-image\"><img src=https:\/\/webs.um.es\/felixgm\/wp-content\/uploads\/2022\/01\/jorge_manzanares.jpg alt=\"Jorge Manzanares Martinez\" class=\"img-circle lab-img\"><\/div>\n\t\t\t\t<div class=\"lab-item-info\"><h3>Jorge Manzanares Martinez<\/h3><h4>Indra<\/h4>\n\t\t\t\t<a href=\"https:\/\/www.linkedin.com\/in\/jorgemanzanares\" class=\"btn btn-info\">Web<\/a>\n\t\t\t<\/div><\/div><div class=\"lab-carousel\"><\/div> <div><a href=\"#\" class=\"prev\"><i class=\"fa fa-chevron-circle-left\"><\/i><\/a><a href=\"#\" class=\"next\"><i class=\"fa fa-chevron-circle-right\"><\/i><\/a><\/div><\/div><div class=\"lab-details\"><\/div><\/div>[\/vc_column_inner]<\/p>\n<p>[vc_column_inner width=\u00bb1\/4&#8243;]<div class=\"lab-carousels-wrapper lab-1540369010\"><div class=\"labp-heads-wrap \">\n\t\t\t<div class=\"dummy-lab-item \">\n\t\t\t\t<div class=\"lab-item-image\"><img src=https:\/\/webs.um.es\/felixgm\/wp-content\/uploads\/2017\/03\/anonymous.png alt=\"Roberto S\u00e1ez Ruiz\" class=\"img-circle lab-img\"><\/div>\n\t\t\t\t<div class=\"lab-item-info\"><h3>Roberto S\u00e1ez Ruiz<\/h3><h4>Indra<\/h4>\n\t\t\t\t<a href=\"https:\/\/es.linkedin.com\/in\/roberto-s%C3%A1ez-ruiz-26882495\" class=\"btn btn-info\">Web<\/a>\n\t\t\t<\/div><\/div><div class=\"lab-carousel\"><\/div> <div><a href=\"#\" class=\"prev\"><i class=\"fa fa-chevron-circle-left\"><\/i><\/a><a href=\"#\" class=\"next\"><i class=\"fa fa-chevron-circle-right\"><\/i><\/a><\/div><\/div><div class=\"lab-details\"><\/div><\/div>[\/vc_column_inner]<\/p>\n<p>[vc_column_inner width=\u00bb1\/4&#8243;][\/vc_column_inner]<\/p>\n<p>[\/vc_row_inner]<\/p>\n<footer style=\"padding: 15px 50px; background-color: #1e73be; position: absolute; bottom: -80px; height: 120px; color: #ffffff;\"><img style=\"float: left; height: 100%;\" src=\"https:\/\/webs.um.es\/felixgm\/wp-content\/uploads\/2022\/01\/pastor-funding.png\" alt=\"\" \/><br \/>\n<\/footer>\n","protected":false},"excerpt":{"rendered":"<p>[vc_row][vc_column][\/vc_column][\/vc_row][vc_row][vc_column][vc_column_text] El proyecto PASTOR, financiado por el Instituto de Competitividad Empresarial de la Junta de Castilla y Le\u00f3n, a trav\u00e9s [&hellip;]<\/p>\n","protected":false},"author":1,"featured_media":13541,"parent":891,"menu_order":0,"comment_status":"closed","ping_status":"closed","template":"","meta":[],"yoast_head":"<!-- This site is optimized with the Yoast SEO plugin v14.9 - https:\/\/yoast.com\/wordpress\/plugins\/seo\/ -->\n<title>F\u00e9lix G\u00f3mez M\u00e1rmol - PASTOR<\/title>\n<meta name=\"robots\" content=\"index, follow, max-snippet:-1, max-image-preview:large, max-video-preview:-1\" \/>\n<link rel=\"canonical\" href=\"https:\/\/webs.um.es\/felixgm\/projects\/pastor\/\" \/>\n<meta property=\"og:locale\" content=\"es_ES\" \/>\n<meta property=\"og:type\" content=\"article\" \/>\n<meta property=\"og:title\" content=\"F\u00e9lix G\u00f3mez M\u00e1rmol - PASTOR\" \/>\n<meta property=\"og:description\" content=\"[vc_row][vc_column][\/vc_column][\/vc_row][vc_row][vc_column][vc_column_text] El proyecto PASTOR, financiado por el Instituto de Competitividad Empresarial de la Junta de Castilla y Le\u00f3n, a trav\u00e9s [&hellip;]\" \/>\n<meta property=\"og:url\" content=\"https:\/\/webs.um.es\/felixgm\/projects\/pastor\/\" \/>\n<meta property=\"og:site_name\" content=\"F\u00e9lix G\u00f3mez M\u00e1rmol\" \/>\n<meta property=\"og:image\" content=\"https:\/\/webs.um.es\/felixgm\/wp-content\/uploads\/2022\/01\/logo-pastor-cover.png\" \/>\n\t<meta property=\"og:image:width\" content=\"1139\" \/>\n\t<meta property=\"og:image:height\" content=\"437\" \/>\n<meta name=\"twitter:card\" content=\"summary\" \/>\n<script type=\"application\/ld+json\" class=\"yoast-schema-graph\">{\"@context\":\"https:\/\/schema.org\",\"@graph\":[{\"@type\":\"WebSite\",\"@id\":\"https:\/\/webs.um.es\/felixgm\/#website\",\"url\":\"https:\/\/webs.um.es\/felixgm\/\",\"name\":\"F\\u00e9lix G\\u00f3mez M\\u00e1rmol\",\"description\":\"\",\"potentialAction\":[{\"@type\":\"SearchAction\",\"target\":\"https:\/\/webs.um.es\/felixgm\/?s={search_term_string}\",\"query-input\":\"required name=search_term_string\"}],\"inLanguage\":\"es\"},{\"@type\":\"ImageObject\",\"@id\":\"https:\/\/webs.um.es\/felixgm\/projects\/pastor\/#primaryimage\",\"inLanguage\":\"es\",\"url\":\"https:\/\/webs.um.es\/felixgm\/wp-content\/uploads\/2022\/01\/logo-pastor-cover.png\",\"width\":1139,\"height\":437},{\"@type\":\"WebPage\",\"@id\":\"https:\/\/webs.um.es\/felixgm\/projects\/pastor\/#webpage\",\"url\":\"https:\/\/webs.um.es\/felixgm\/projects\/pastor\/\",\"name\":\"F\\u00e9lix G\\u00f3mez M\\u00e1rmol - PASTOR\",\"isPartOf\":{\"@id\":\"https:\/\/webs.um.es\/felixgm\/#website\"},\"primaryImageOfPage\":{\"@id\":\"https:\/\/webs.um.es\/felixgm\/projects\/pastor\/#primaryimage\"},\"datePublished\":\"2022-01-11T14:30:10+00:00\",\"dateModified\":\"2022-01-11T14:30:10+00:00\",\"inLanguage\":\"es\",\"potentialAction\":[{\"@type\":\"ReadAction\",\"target\":[\"https:\/\/webs.um.es\/felixgm\/projects\/pastor\/\"]}]}]}<\/script>\n<!-- \/ Yoast SEO plugin. -->","_links":{"self":[{"href":"https:\/\/webs.um.es\/felixgm\/wp-json\/wp\/v2\/pages\/13511"}],"collection":[{"href":"https:\/\/webs.um.es\/felixgm\/wp-json\/wp\/v2\/pages"}],"about":[{"href":"https:\/\/webs.um.es\/felixgm\/wp-json\/wp\/v2\/types\/page"}],"author":[{"embeddable":true,"href":"https:\/\/webs.um.es\/felixgm\/wp-json\/wp\/v2\/users\/1"}],"replies":[{"embeddable":true,"href":"https:\/\/webs.um.es\/felixgm\/wp-json\/wp\/v2\/comments?post=13511"}],"version-history":[{"count":20,"href":"https:\/\/webs.um.es\/felixgm\/wp-json\/wp\/v2\/pages\/13511\/revisions"}],"predecessor-version":[{"id":13761,"href":"https:\/\/webs.um.es\/felixgm\/wp-json\/wp\/v2\/pages\/13511\/revisions\/13761"}],"up":[{"embeddable":true,"href":"https:\/\/webs.um.es\/felixgm\/wp-json\/wp\/v2\/pages\/891"}],"wp:featuredmedia":[{"embeddable":true,"href":"https:\/\/webs.um.es\/felixgm\/wp-json\/wp\/v2\/media\/13541"}],"wp:attachment":[{"href":"https:\/\/webs.um.es\/felixgm\/wp-json\/wp\/v2\/media?parent=13511"}],"curies":[{"name":"wp","href":"https:\/\/api.w.org\/{rel}","templated":true}]}}