{"id":4791,"date":"2017-04-09T18:33:36","date_gmt":"2017-04-09T17:33:36","guid":{"rendered":"http:\/\/webs.um.es\/felixgm\/?page_id=4791"},"modified":"2024-08-29T21:52:11","modified_gmt":"2024-08-29T20:52:11","slug":"contact","status":"publish","type":"page","link":"https:\/\/webs.um.es\/felixgm\/contact\/","title":{"rendered":"Contact"},"content":{"rendered":"<p>[vc_row][vc_column][vc_column_text]<\/p>\n<h3><strong>F\u00e9lix G\u00f3mez M\u00e1rmol<\/strong><\/h3>\n<p>[\/vc_column_text][\/vc_column][\/vc_row]<br \/>\n[vc_row][vc_column width=\u00bb1\/3&#8243;][vc_column_text]<\/p>\n<h4><strong>Postal address<\/strong><\/h4>\n<div><a href=\"https:\/\/www.um.es\/web\/diic\" target=\"_blank\" rel=\"noopener noreferrer\">Department of Information and Communications Engineering<\/a><\/div>\n<div><a href=\"https:\/\/www.um.es\/informatica\" target=\"_blank\" rel=\"noopener noreferrer\">Faculty of Computer Science<\/a><\/div>\n<div><a href=\"https:\/\/www.um.es\" target=\"_blank\" rel=\"noopener noreferrer\">University of Murcia<\/a><\/div>\n<div>30100 Murcia (Spain)<\/div>\n<h4><strong>Office<\/strong><\/h4>\n<div><i class=\"fa fa-user-circle-o\"><\/i>\u00a0\u00a0\u00a0Office 1.23<\/div>\n<h4><strong>Phone<\/strong><\/h4>\n<div><i class=\"fa fa-phone\"><\/i>\u00a0\u00a0\u00a0+34 868 88 9782<\/div>\n<h4><strong>E-mail<\/strong><\/h4>\n<div><i class=\"fa fa-envelope\"><\/i>\u00a0\u00a0\u00a0<a href=\"mailto:felixgm@um.es\">felixgm@um.es<\/a><\/div>\n<h4><strong>LDAP entry<\/strong><\/h4>\n<div><i class=\"fa fa-database\"><\/i>\u00a0\u00a0\u00a0<a href=\"https:\/\/www.um.es\/atica\/directorio\/index.php?nivel=a002b033&amp;usuario=felixgm.RC&amp;lang=0&amp;vista=unidades&amp;search=\" target=\"_blank\" rel=\"noopener noreferrer\">F\u00e9lix G\u00f3mez M\u00e1rmol<\/a><\/div>\n<div><\/div>\n<p>[\/vc_column_text][\/vc_column][vc_column width=\u00bb2\/3&#8243;][vc_gmaps link=\u00bb#E-8_JTNDaWZyYW1lJTIwc3JjJTNEJTIyaHR0cHMlM0ElMkYlMkZ3d3cuZ29vZ2xlLmNvbSUyRm1hcHMlMkZlbWJlZCUzRnBiJTNEJTIxMW0xOCUyMTFtMTIlMjExbTMlMjExZDI0MDAuMDM3NTU1NzM5MDYzJTIxMmQtMS4xNzYyODM3ODU1MDI2NDU4JTIxM2QzOC4wMjM3MDE0MDU1NzMxNCUyMTJtMyUyMTFmMCUyMTJmMCUyMTNmMCUyMTNtMiUyMTFpMTAyNCUyMTJpNzY4JTIxNGYxMy4xJTIxM20zJTIxMW0yJTIxMXMweGQ2MzgyMWE0NzU1YjM4NSUyNTNBMHhiNzIwYjYwMTUwZTNjM2EzJTIxMnNGYWN1bHRhZCUyQmRlJTJCSW5mb3JtJTI1QzMlMjVBMXRpY2ElMjE1ZTElMjEzbTIlMjExc2VzJTIxMnNlcyUyMTR2MTQ5MTc1OTA5OTY0MCUyMiUyMHdpZHRoJTNEJTIyNjAwJTIyJTIwaGVpZ2h0JTNEJTIyNDUwJTIyJTIwZnJhbWVib3JkZXIlM0QlMjIwJTIyJTIwc3R5bGUlM0QlMjJib3JkZXIlM0EwJTIyJTIwYWxsb3dmdWxsc2NyZWVuJTNFJTNDJTJGaWZyYW1lJTNF\u00bb][\/vc_column][\/vc_row]<\/p>\n","protected":false},"excerpt":{"rendered":"<p>[vc_row][vc_column][vc_column_text] F\u00e9lix G\u00f3mez M\u00e1rmol [\/vc_column_text][\/vc_column][\/vc_row] [vc_row][vc_column width=\u00bb1\/3&#8243;][vc_column_text] Postal address Department of Information and Communications Engineering Faculty of Computer Science University [&hellip;]<\/p>\n","protected":false},"author":1,"featured_media":2251,"parent":0,"menu_order":0,"comment_status":"closed","ping_status":"closed","template":"","meta":[],"yoast_head":"<!-- This site is optimized with the Yoast SEO plugin v14.9 - https:\/\/yoast.com\/wordpress\/plugins\/seo\/ -->\n<title>F\u00e9lix G\u00f3mez M\u00e1rmol - Contact<\/title>\n<meta name=\"description\" content=\"Contact details of F\u00e9lix G\u00f3mez M\u00e1rmol, Associate Professor in the Department of Information and Communications Engineering (University of Murcia)\" \/>\n<meta name=\"robots\" content=\"index, follow, max-snippet:-1, max-image-preview:large, max-video-preview:-1\" \/>\n<link rel=\"canonical\" href=\"https:\/\/webs.um.es\/felixgm\/contact\/\" \/>\n<meta property=\"og:locale\" content=\"es_ES\" \/>\n<meta property=\"og:type\" content=\"article\" \/>\n<meta property=\"og:title\" content=\"F\u00e9lix G\u00f3mez M\u00e1rmol - Contact\" \/>\n<meta property=\"og:description\" content=\"Contact details of F\u00e9lix G\u00f3mez M\u00e1rmol, Associate Professor in the Department of Information and Communications Engineering (University of Murcia)\" \/>\n<meta property=\"og:url\" content=\"https:\/\/webs.um.es\/felixgm\/contact\/\" \/>\n<meta property=\"og:site_name\" content=\"F\u00e9lix G\u00f3mez M\u00e1rmol\" \/>\n<meta property=\"article:modified_time\" content=\"2024-08-29T20:52:11+00:00\" \/>\n<meta property=\"og:image\" content=\"https:\/\/webs.um.es\/felixgm\/wp-content\/uploads\/2017\/03\/Bergbahn-Heidelberg-1024x683.jpg\" \/>\n\t<meta property=\"og:image:width\" content=\"1024\" \/>\n\t<meta property=\"og:image:height\" content=\"683\" \/>\n<meta name=\"twitter:card\" content=\"summary\" \/>\n<script type=\"application\/ld+json\" class=\"yoast-schema-graph\">{\"@context\":\"https:\/\/schema.org\",\"@graph\":[{\"@type\":\"WebSite\",\"@id\":\"https:\/\/webs.um.es\/felixgm\/#website\",\"url\":\"https:\/\/webs.um.es\/felixgm\/\",\"name\":\"F\\u00e9lix G\\u00f3mez M\\u00e1rmol\",\"description\":\"\",\"potentialAction\":[{\"@type\":\"SearchAction\",\"target\":\"https:\/\/webs.um.es\/felixgm\/?s={search_term_string}\",\"query-input\":\"required name=search_term_string\"}],\"inLanguage\":\"es\"},{\"@type\":\"ImageObject\",\"@id\":\"https:\/\/webs.um.es\/felixgm\/contact\/#primaryimage\",\"inLanguage\":\"es\",\"url\":\"https:\/\/webs.um.es\/felixgm\/wp-content\/uploads\/2017\/03\/Bergbahn-Heidelberg.jpg\",\"width\":3456,\"height\":2304},{\"@type\":\"WebPage\",\"@id\":\"https:\/\/webs.um.es\/felixgm\/contact\/#webpage\",\"url\":\"https:\/\/webs.um.es\/felixgm\/contact\/\",\"name\":\"F\\u00e9lix G\\u00f3mez M\\u00e1rmol - Contact\",\"isPartOf\":{\"@id\":\"https:\/\/webs.um.es\/felixgm\/#website\"},\"primaryImageOfPage\":{\"@id\":\"https:\/\/webs.um.es\/felixgm\/contact\/#primaryimage\"},\"datePublished\":\"2017-04-09T17:33:36+00:00\",\"dateModified\":\"2024-08-29T20:52:11+00:00\",\"description\":\"Contact details of F\\u00e9lix G\\u00f3mez M\\u00e1rmol, Associate Professor in the Department of Information and Communications Engineering (University of Murcia)\",\"inLanguage\":\"es\",\"potentialAction\":[{\"@type\":\"ReadAction\",\"target\":[\"https:\/\/webs.um.es\/felixgm\/contact\/\"]}]}]}<\/script>\n<!-- \/ Yoast SEO plugin. -->","_links":{"self":[{"href":"https:\/\/webs.um.es\/felixgm\/wp-json\/wp\/v2\/pages\/4791"}],"collection":[{"href":"https:\/\/webs.um.es\/felixgm\/wp-json\/wp\/v2\/pages"}],"about":[{"href":"https:\/\/webs.um.es\/felixgm\/wp-json\/wp\/v2\/types\/page"}],"author":[{"embeddable":true,"href":"https:\/\/webs.um.es\/felixgm\/wp-json\/wp\/v2\/users\/1"}],"replies":[{"embeddable":true,"href":"https:\/\/webs.um.es\/felixgm\/wp-json\/wp\/v2\/comments?post=4791"}],"version-history":[{"count":7,"href":"https:\/\/webs.um.es\/felixgm\/wp-json\/wp\/v2\/pages\/4791\/revisions"}],"predecessor-version":[{"id":13951,"href":"https:\/\/webs.um.es\/felixgm\/wp-json\/wp\/v2\/pages\/4791\/revisions\/13951"}],"wp:featuredmedia":[{"embeddable":true,"href":"https:\/\/webs.um.es\/felixgm\/wp-json\/wp\/v2\/media\/2251"}],"wp:attachment":[{"href":"https:\/\/webs.um.es\/felixgm\/wp-json\/wp\/v2\/media?parent=4791"}],"curies":[{"name":"wp","href":"https:\/\/api.w.org\/{rel}","templated":true}]}}