{"id":8911,"date":"2019-09-02T17:33:42","date_gmt":"2019-09-02T16:33:42","guid":{"rendered":"http:\/\/webs.um.es\/felixgm\/?page_id=8911"},"modified":"2022-01-12T19:04:38","modified_gmt":"2022-01-12T18:04:38","slug":"evaluator","status":"publish","type":"page","link":"https:\/\/webs.um.es\/felixgm\/evaluator\/","title":{"rendered":"Evaluator"},"content":{"rendered":"<p>[vc_row][vc_column]<h2 class=\"fac-title text-left\" style=\"color:#4b4b4b\">R&amp;D Projects Expert Evaluator<\/h2>\n<br \/>\n[vc_row_inner][vc_column_inner]<h3 class=\"fac-title text-left\" style=\"color:#4b4b4b\">European Commission<\/h3>\n[\/vc_column_inner][\/vc_row_inner]<br \/>\n<ul class=\"ul-withdetails \"><li class=\"no-details\">\n\t\t\t\t<div class=\"wrap\"><div class=\"image\" style=\"background-image:url(https:\/\/webs.um.es\/felixgm\/wp-content\/uploads\/2018\/01\/ec_logo.png);\"><div class=\"imageoverlay\"><i class=\"fa fa-search\"><\/i><\/div><\/div><div class=\"meta\"><h3>DS-06-2017: Cybersecurity PPP: Cryptography<\/h3><p>H2020-DS-LEIT-2017\/DS-06-2017\/RIA, 05\/2017 - 07\/2017<\/p><\/div><\/div><\/li><\/ul><\/p>\n<p>[vc_row_inner][vc_column_inner]<h3 class=\"fac-title text-left\" style=\"color:#4b4b4b\">Spanish Government<\/h3>\n[\/vc_column_inner][\/vc_row_inner]<br \/>\n<ul class=\"ul-withdetails \"><br \/>\n<li class=\"no-details\">\n\t\t\t\t<div class=\"wrap\"><div class=\"image\" style=\"background-image:url(https:\/\/webs.um.es\/felixgm\/wp-content\/uploads\/2018\/01\/AEI.jpg);\"><div class=\"imageoverlay\"><i class=\"fa fa-search\"><\/i><\/div><\/div><div class=\"meta\"><h3>Ministry of Science call. Ayudas para la formaci\u00f3n de doctores en empresas &ldquo;Doctorados Industriales&rdquo; 2020<\/h3><p>National Agency for Evaluation and Prospective, 04\/2021 - 04\/2021<\/p><\/div><\/div><\/li><br \/>\n<li class=\"no-details\">\n\t\t\t\t<div class=\"wrap\"><div class=\"image\" style=\"background-image:url(https:\/\/webs.um.es\/felixgm\/wp-content\/uploads\/2018\/01\/AEI.jpg);\"><div class=\"imageoverlay\"><i class=\"fa fa-search\"><\/i><\/div><\/div><div class=\"meta\"><h3>Ministry of Science call. Ayudas al desarrollo de la oferta tecnol\u00f3gica basado en inteligencia artificial y otras tecnolog\u00edas habilitadoras digitales<\/h3><p>National Agency for Evaluation and Prospective, 02\/2021 - 02\/2021<\/p><\/div><\/div><\/li><br \/>\n<li class=\"no-details\">\n\t\t\t\t<div class=\"wrap\"><div class=\"image\" style=\"background-image:url(https:\/\/webs.um.es\/felixgm\/wp-content\/uploads\/2018\/01\/AEI.jpg);\"><div class=\"imageoverlay\"><i class=\"fa fa-search\"><\/i><\/div><\/div><div class=\"meta\"><h3>Ministry of Science call. Programa Estatal Proyectos de I+D+i Retos Investigaci\u00f3n Tipo B 2019<\/h3><p>National Agency for Evaluation and Prospective, 11\/2019 - 12\/2019<\/p><\/div><\/div><\/li><br \/>\n<li class=\"no-details\">\n\t\t\t\t<div class=\"wrap\"><div class=\"image\" style=\"background-image:url(https:\/\/webs.um.es\/felixgm\/wp-content\/uploads\/2018\/01\/AEI.jpg);\"><div class=\"imageoverlay\"><i class=\"fa fa-search\"><\/i><\/div><\/div><div class=\"meta\"><h3>Ministry of Industry call. Tecnolog\u00edas Habilitadoras Digitales (THD) 2019<\/h3><p>National Agency for Evaluation and Prospective, 08\/2019 - 09\/2019<\/p><\/div><\/div><\/li><br \/>\n<li class=\"no-details\">\n\t\t\t\t<div class=\"wrap\"><div class=\"image\" style=\"background-image:url(https:\/\/webs.um.es\/felixgm\/wp-content\/uploads\/2018\/01\/AEI.jpg);\"><div class=\"imageoverlay\"><i class=\"fa fa-search\"><\/i><\/div><\/div><div class=\"meta\"><h3>CDTI call. Strategic Programme CIEN 2017<\/h3><p>National Agency for Evaluation and Prospective, 08\/2017 - 09\/2017<\/p><\/div><\/div><\/li><br \/>\n<\/ul><\/p>\n<p>[vc_row_inner][vc_column_inner]<h3 class=\"fac-title text-left\" style=\"color:#4b4b4b\">Portuguese Government<\/h3>\n[\/vc_column_inner][\/vc_row_inner]<br \/>\n<ul class=\"ul-withdetails \"><br \/>\n<li class=\"no-details\">\n\t\t\t\t<div class=\"wrap\"><div class=\"image\" style=\"background-image:url(https:\/\/webs.um.es\/felixgm\/wp-content\/uploads\/2019\/12\/ani-logo.jpg);\"><div class=\"imageoverlay\"><i class=\"fa fa-search\"><\/i><\/div><\/div><div class=\"meta\"><h3>Research and Technological Development Grants Scheme<\/h3><p>National Innovation Agency, 04\/2021 - 05\/2021<\/p><\/div><\/div><\/li><li class=\"no-details\">\n\t\t\t\t<div class=\"wrap\"><div class=\"image\" style=\"background-image:url(https:\/\/webs.um.es\/felixgm\/wp-content\/uploads\/2019\/12\/ani-logo.jpg);\"><div class=\"imageoverlay\"><i class=\"fa fa-search\"><\/i><\/div><\/div><div class=\"meta\"><h3>Carnegie Mellon Portugal Programme 2019<\/h3><p>National Innovation Agency, 09\/2019 - 11\/2019<\/p><\/div><\/div><\/li><\/ul><\/p>\n<p>[vc_row_inner][vc_column_inner]<h3 class=\"fac-title text-left\" style=\"color:#4b4b4b\">Dutch Government<\/h3>\n[\/vc_column_inner][\/vc_row_inner]<br \/>\n<ul class=\"ul-withdetails \"><li class=\"no-details\">\n\t\t\t\t<div class=\"wrap\"><div class=\"image\" style=\"background-image:url(https:\/\/webs.um.es\/felixgm\/wp-content\/uploads\/2019\/12\/nwo_logo.jpg);\"><div class=\"imageoverlay\"><i class=\"fa fa-search\"><\/i><\/div><\/div><div class=\"meta\"><h3>Innovational Research Incentives Scheme Vici 2018<\/h3><p>Dutch Research Council (NWO), 09\/2018 - 10\/2018<\/p><\/div><\/div><\/li><\/ul><br \/>\n[\/vc_column][\/vc_row]<\/p>\n<p><!-- CINECA https:\/\/www.cineca.it\/en --><\/p>\n<p>[vc_row][vc_column]<h2 class=\"fac-title text-left\" style=\"color:#4b4b4b\">PhD Theses Board Member<\/h2>\n<ul class=\"ul-withdetails \"><br \/>\n<li class=\"\">\n\t\t\t\t<div class=\"wrap\"><div class=\"image\" style=\"background-image:url(https:\/\/webs.um.es\/felixgm\/wp-content\/uploads\/2022\/01\/unicam2.png);\"><div class=\"imageoverlay\"><i class=\"fa fa-search\"><\/i><\/div><\/div><div class=\"meta\"><h3>Efficient and Automatic Security Management of Future Softwarized Networks Paradigms Through Identity- and Policy-Based Solutions<\/h3><p>Fabrizio Ippoliti, University of Camerino, December 2018<\/p><\/div><\/div>\n\t\t<div class=\"details\">\n\t\t\t<p><strong>PhD Candidate<\/strong><\/p>\n<p><a href=\"https:\/\/scholar.google.com.mx\/citations?user=emxx_GkAAAAJ\" target=\"_blank\" rel=\"noopener noreferrer\">Fabrizio Ippoliti<\/a><\/p>\n<p><strong>University<\/strong><\/p>\n<p>University of Camerino<\/p>\n<p><strong>PhD Advisor(s)<\/strong><\/p>\n<p>Michele Loreti, Manuel Gil P\u00e9rez, Alberto Huertas Celdr\u00e1n<\/p>\n<p><!--<strong>PhD Board Members<\/strong>\n\nF\u00e9lix G\u00f3mez M\u00e1rmol--><\/p>\n<p><strong>Defence date<\/strong><\/p>\n<p>11\/12\/2018<\/p>\n\n\t\t<\/div> <\/li><\/p>\n<li class=\"\">\n\t\t\t\t<div class=\"wrap\"><div class=\"image\" style=\"background-image:url(https:\/\/webs.um.es\/felixgm\/wp-content\/uploads\/2018\/04\/logo-upv.png);\"><div class=\"imageoverlay\"><i class=\"fa fa-search\"><\/i><\/div><\/div><div class=\"meta\"><h3>Smart Client-Server Protocol and Architecture for Adaptive Multimedia Streaming<\/h3><p>Miran Taha Abdullah, Polytechnic University of Valencia, April 2018<\/p><\/div><\/div>\n\t\t<div class=\"details\">\n\t\t\t<p><strong>PhD Candidate<\/strong><\/p>\n<p><a href=\"https:\/\/sites.google.com\/a\/univsul.edu.iq\/miran-taha\" target=\"_blank\" rel=\"noopener noreferrer\">Miran Taha Abdullah<\/a><\/p>\n<p><strong>University<\/strong><\/p>\n<p>Polytechnic University of Valencia<\/p>\n<p><strong>PhD Advisor(s)<\/strong><\/p>\n<p>Jaime Lloret Mauri<\/p>\n<p><strong>PhD Board Members<\/strong><\/p>\n<p>Christos Verikoukis, Milos Stojmenovic, F\u00e9lix G\u00f3mez M\u00e1rmol<\/p>\n<p><strong>Defence date<\/strong><\/p>\n<p>27\/04\/2018<\/p>\n\n\t\t<\/div> <\/li>\n<li class=\"\">\n\t\t\t\t<div class=\"wrap\"><div class=\"image\" style=\"background-image:url(https:\/\/webs.um.es\/felixgm\/wp-content\/uploads\/2017\/08\/logo-universidad-de-murcia.jpg);\"><div class=\"imageoverlay\"><i class=\"fa fa-search\"><\/i><\/div><\/div><div class=\"meta\"><h3>Authorization and Trust Management in Distributed Systems based on the Semantic Web<\/h3><p>Jorge Bernal Bernab\u00e9, University of Murcia, December 2015<\/p><\/div><\/div>\n\t\t<div class=\"details\">\n\t\t\t<p><strong>PhD Candidate<\/strong><\/p>\n<p><a href=\"http:\/\/webs.um.es\/jorgebernal\" target=\"_blank\" rel=\"noopener noreferrer\">Jorge Bernal Bernab\u00e9<\/a><\/p>\n<p><strong>University<\/strong><\/p>\n<p>University of Murcia<\/p>\n<p><strong>PhD Advisor(s)<\/strong><\/p>\n<p>Antonio Skarmeta G\u00f3mez, Gregorio Mart\u00ednez P\u00e9rez<\/p>\n<p><strong>PhD Board Members<\/strong><\/p>\n<p>Lidia Fuentes Fern\u00e1ndez, Gabriel L\u00f3pez Mill\u00e1n, F\u00e9lix G\u00f3mez M\u00e1rmol<\/p>\n<p><strong>Defence date<\/strong><\/p>\n<p>21\/12\/2015<\/p>\n\n\t\t<\/div> <\/li>\n<p><li class=\"\">\n\t\t\t\t<div class=\"wrap\"><div class=\"image\" style=\"background-image:url(https:\/\/webs.um.es\/felixgm\/wp-content\/uploads\/2018\/01\/Logo_UPC.jpg);\"><div class=\"imageoverlay\"><i class=\"fa fa-search\"><\/i><\/div><\/div><div class=\"meta\"><h3>Privacy protection of user profiles in personalized information systems<\/h3><p>Javier Parra Arnau, Polytechnic University of Catalonia, December 2013<\/p><\/div><\/div>\n\t\t<div class=\"details\">\n\t\t\t<p><strong>PhD Candidate<\/strong><\/p>\n<p><a href=\"https:\/\/sites.google.com\/site\/javierparraarnau\/\" target=\"_blank\" rel=\"noopener noreferrer\">Javier Parra Arnau<\/a><\/p>\n<p><strong>University<\/strong><\/p>\n<p>Polytechnic University of Catalonia<\/p>\n<p><strong>PhD Advisor(s)<\/strong><\/p>\n<p>Jordi Forn\u00e9 Mu\u00f1oz, David Rebollo Monedero<\/p>\n<p><strong>PhD Board Members<\/strong><\/p>\n<p>Josep Domingo Ferrer, Miguel Soriano Ib\u00e1\u00f1ez, F\u00e9lix G\u00f3mez M\u00e1rmol<\/p>\n<p><strong>Defence date<\/strong><\/p>\n<p>12\/12\/2013<\/p>\n\n\t\t<\/div> <\/li><\/ul>[\/vc_column][\/vc_row]<\/p>\n","protected":false},"excerpt":{"rendered":"<p>[vc_row][vc_column] [vc_row_inner][vc_column_inner][\/vc_column_inner][\/vc_row_inner] [vc_row_inner][vc_column_inner][\/vc_column_inner][\/vc_row_inner] [vc_row_inner][vc_column_inner][\/vc_column_inner][\/vc_row_inner] [vc_row_inner][vc_column_inner][\/vc_column_inner][\/vc_row_inner] [\/vc_column][\/vc_row] [vc_row][vc_column][\/vc_column][\/vc_row]<\/p>\n","protected":false},"author":1,"featured_media":8901,"parent":0,"menu_order":0,"comment_status":"closed","ping_status":"closed","template":"","meta":[],"yoast_head":"<!-- This site is optimized with the Yoast SEO plugin v14.9 - https:\/\/yoast.com\/wordpress\/plugins\/seo\/ -->\n<title>F\u00e9lix G\u00f3mez M\u00e1rmol - Evaluator<\/title>\n<meta name=\"description\" content=\"National and international projects expert evaluator\" \/>\n<meta name=\"robots\" content=\"index, follow, max-snippet:-1, max-image-preview:large, max-video-preview:-1\" \/>\n<link rel=\"canonical\" href=\"https:\/\/webs.um.es\/felixgm\/evaluator\/\" \/>\n<meta property=\"og:locale\" content=\"es_ES\" \/>\n<meta property=\"og:type\" content=\"article\" \/>\n<meta property=\"og:title\" content=\"F\u00e9lix G\u00f3mez M\u00e1rmol - Evaluator\" \/>\n<meta property=\"og:description\" content=\"National and international projects expert evaluator\" \/>\n<meta property=\"og:url\" content=\"https:\/\/webs.um.es\/felixgm\/evaluator\/\" \/>\n<meta property=\"og:site_name\" content=\"F\u00e9lix G\u00f3mez M\u00e1rmol\" \/>\n<meta property=\"article:modified_time\" content=\"2022-01-12T18:04:38+00:00\" \/>\n<meta property=\"og:image\" content=\"https:\/\/webs.um.es\/felixgm\/wp-content\/uploads\/2018\/01\/DBahn-ICE.jpg\" \/>\n\t<meta property=\"og:image:width\" content=\"2048\" \/>\n\t<meta property=\"og:image:height\" content=\"820\" \/>\n<meta name=\"twitter:card\" content=\"summary\" \/>\n<script type=\"application\/ld+json\" class=\"yoast-schema-graph\">{\"@context\":\"https:\/\/schema.org\",\"@graph\":[{\"@type\":\"WebSite\",\"@id\":\"https:\/\/webs.um.es\/felixgm\/#website\",\"url\":\"https:\/\/webs.um.es\/felixgm\/\",\"name\":\"F\\u00e9lix G\\u00f3mez M\\u00e1rmol\",\"description\":\"\",\"potentialAction\":[{\"@type\":\"SearchAction\",\"target\":\"https:\/\/webs.um.es\/felixgm\/?s={search_term_string}\",\"query-input\":\"required name=search_term_string\"}],\"inLanguage\":\"es\"},{\"@type\":\"ImageObject\",\"@id\":\"https:\/\/webs.um.es\/felixgm\/evaluator\/#primaryimage\",\"inLanguage\":\"es\",\"url\":\"https:\/\/webs.um.es\/felixgm\/wp-content\/uploads\/2018\/01\/DBahn-ICE.jpg\",\"width\":2048,\"height\":820},{\"@type\":\"WebPage\",\"@id\":\"https:\/\/webs.um.es\/felixgm\/evaluator\/#webpage\",\"url\":\"https:\/\/webs.um.es\/felixgm\/evaluator\/\",\"name\":\"F\\u00e9lix G\\u00f3mez M\\u00e1rmol - Evaluator\",\"isPartOf\":{\"@id\":\"https:\/\/webs.um.es\/felixgm\/#website\"},\"primaryImageOfPage\":{\"@id\":\"https:\/\/webs.um.es\/felixgm\/evaluator\/#primaryimage\"},\"datePublished\":\"2019-09-02T16:33:42+00:00\",\"dateModified\":\"2022-01-12T18:04:38+00:00\",\"description\":\"National and international projects expert evaluator\",\"inLanguage\":\"es\",\"potentialAction\":[{\"@type\":\"ReadAction\",\"target\":[\"https:\/\/webs.um.es\/felixgm\/evaluator\/\"]}]}]}<\/script>\n<!-- \/ Yoast SEO plugin. -->","_links":{"self":[{"href":"https:\/\/webs.um.es\/felixgm\/wp-json\/wp\/v2\/pages\/8911"}],"collection":[{"href":"https:\/\/webs.um.es\/felixgm\/wp-json\/wp\/v2\/pages"}],"about":[{"href":"https:\/\/webs.um.es\/felixgm\/wp-json\/wp\/v2\/types\/page"}],"author":[{"embeddable":true,"href":"https:\/\/webs.um.es\/felixgm\/wp-json\/wp\/v2\/users\/1"}],"replies":[{"embeddable":true,"href":"https:\/\/webs.um.es\/felixgm\/wp-json\/wp\/v2\/comments?post=8911"}],"version-history":[{"count":32,"href":"https:\/\/webs.um.es\/felixgm\/wp-json\/wp\/v2\/pages\/8911\/revisions"}],"predecessor-version":[{"id":13791,"href":"https:\/\/webs.um.es\/felixgm\/wp-json\/wp\/v2\/pages\/8911\/revisions\/13791"}],"wp:featuredmedia":[{"embeddable":true,"href":"https:\/\/webs.um.es\/felixgm\/wp-json\/wp\/v2\/media\/8901"}],"wp:attachment":[{"href":"https:\/\/webs.um.es\/felixgm\/wp-json\/wp\/v2\/media?parent=8911"}],"curies":[{"name":"wp","href":"https:\/\/api.w.org\/{rel}","templated":true}]}}